{"id":22,"date":"2025-05-09T15:29:20","date_gmt":"2025-05-09T13:29:20","guid":{"rendered":"https:\/\/alpina.helits.de\/?page_id=22"},"modified":"2025-05-30T08:23:26","modified_gmt":"2025-05-30T06:23:26","slug":"kurhotel-alpina","status":"publish","type":"page","link":"https:\/\/www.kurhotel-alpina-bad-reichenhall.de\/en\/kurhotel-alpina\/","title":{"rendered":"The Kurhotel Alpina"},"content":{"rendered":"<p>[et_pb_section fb_built=&#8220;1&#8243; fullwidth=&#8220;on&#8220; _builder_version=&#8220;4.27.4&#8243; _module_preset=&#8220;default&#8220; global_colors_info=&#8220;{}&#8220;][et_pb_fullwidth_slider _builder_version=&#8220;4.27.4&#8243; _module_preset=&#8220;default&#8220; height=&#8220;837px&#8220; auto=&#8220;on&#8220; global_colors_info=&#8220;{}&#8220;][et_pb_slide _builder_version=&#8220;4.27.4&#8243; _module_preset=&#8220;default&#8220; background_enable_color=&#8220;off&#8220; background_image=&#8220;https:\/\/alpina.helits.de\/wp-content\/uploads\/2025\/05\/kurhotel_alpina_home_02.jpg&#8220; background_enable_image=&#8220;on&#8220; global_colors_info=&#8220;{}&#8220; sticky_transition=&#8220;on&#8220;][\/et_pb_slide][et_pb_slide _builder_version=&#8220;4.27.4&#8243; _module_preset=&#8220;default&#8220; background_enable_color=&#8220;off&#8220; background_image=&#8220;https:\/\/alpina.helits.de\/wp-content\/uploads\/2025\/05\/kurhotel_home_new.jpg&#8220; background_enable_image=&#8220;on&#8220; global_colors_info=&#8220;{}&#8220; sticky_transition=&#8220;on&#8220;][\/et_pb_slide][\/et_pb_fullwidth_slider][\/et_pb_section][et_pb_section fb_built=&#8220;1&#8243; _builder_version=&#8220;4.27.4&#8243; _module_preset=&#8220;default&#8220; custom_padding=&#8220;35px||0px||false|false&#8220; global_colors_info=&#8220;{}&#8220;][et_pb_row _builder_version=&#8220;4.27.4&#8243; _module_preset=&#8220;default&#8220; global_colors_info=&#8220;{}&#8220;][et_pb_column type=&#8220;4_4&#8243; _builder_version=&#8220;4.27.4&#8243; _module_preset=&#8220;default&#8220; global_colors_info=&#8220;{}&#8220;][et_pb_text _builder_version=&#8220;4.27.4&#8243; _module_preset=&#8220;default&#8220; header_text_align=&#8220;center&#8220; header_2_font=&#8220;|300|||||||&#8220; header_2_text_align=&#8220;center&#8220; header_2_text_color=&#8220;#C1A56C&#8220; header_2_font_size=&#8220;28px&#8220; global_colors_info=&#8220;{}&#8220;]<\/p>\n<h2 class=\"theme_divider_title\">Das Kurhotel Alpina <\/h2>\n<p>[\/et_pb_text][\/et_pb_column][\/et_pb_row][\/et_pb_section][et_pb_section fb_built=&#8220;1&#8243; _builder_version=&#8220;4.27.4&#8243; _module_preset=&#8220;default&#8220; custom_padding=&#8220;0px||0px||true|false&#8220; global_colors_info=&#8220;{}&#8220;][et_pb_row _builder_version=&#8220;4.27.4&#8243; _module_preset=&#8220;default&#8220; height=&#8220;0px&#8220; custom_padding=&#8220;0px||0px||true|false&#8220; global_colors_info=&#8220;{}&#8220;][et_pb_column type=&#8220;4_4&#8243; _builder_version=&#8220;4.27.4&#8243; _module_preset=&#8220;default&#8220; global_colors_info=&#8220;{}&#8220;][et_pb_divider _builder_version=&#8220;4.27.4&#8243; _module_preset=&#8220;default&#8220; z_index=&#8220;-1&#8243; width=&#8220;50%&#8220; module_alignment=&#8220;center&#8220; global_colors_info=&#8220;{}&#8220;][\/et_pb_divider][et_pb_icon font_icon=&#8220;&#x42;||divi||400&#8243; icon_width=&#8220;28px&#8220; _builder_version=&#8220;4.27.4&#8243; _module_preset=&#8220;default&#8220; background_color=&#8220;#FFFFFF&#8220; positioning=&#8220;absolute&#8220; position_origin_a=&#8220;top_center&#8220; position_origin_f=&#8220;center_center&#8220; vertical_offset=&#8220;-10px&#8220; z_index=&#8220;1&#8243; custom_padding=&#8220;0px||0px||false|false&#8220; global_colors_info=&#8220;{}&#8220;][\/et_pb_icon][\/et_pb_column][\/et_pb_row][\/et_pb_section][et_pb_section fb_built=&#8220;1&#8243; _builder_version=&#8220;4.27.4&#8243; _module_preset=&#8220;default&#8220; custom_padding=&#8220;0px||35px||false|false&#8220; global_colors_info=&#8220;{}&#8220;][et_pb_row _builder_version=&#8220;4.27.4&#8243; _module_preset=&#8220;default&#8220; custom_margin=&#8220;||||false|false&#8220; custom_padding=&#8220;0px||0px||false|false&#8220; global_colors_info=&#8220;{}&#8220;][et_pb_column type=&#8220;4_4&#8243; _builder_version=&#8220;4.27.4&#8243; _module_preset=&#8220;default&#8220; global_colors_info=&#8220;{}&#8220;][et_pb_text _builder_version=&#8220;4.27.4&#8243; _module_preset=&#8220;default&#8220; header_text_align=&#8220;center&#8220; header_2_font=&#8220;|300|||||||&#8220; header_2_text_align=&#8220;center&#8220; header_2_text_color=&#8220;#C1A56C&#8220; header_2_font_size=&#8220;28px&#8220; header_3_text_align=&#8220;center&#8220; custom_margin=&#8220;-20px||||false|false&#8220; custom_padding=&#8220;||||false|false&#8220; global_colors_info=&#8220;{}&#8220;]<\/p>\n<h3 class=\"theme_divider_subtitle\">in Bad Reichenhall<\/h3>\n<p>[\/et_pb_text][\/et_pb_column][\/et_pb_row][\/et_pb_section][et_pb_section fb_built=&#8220;1&#8243; admin_label=&#8220;Sektion&#8220; _builder_version=&#8220;4.27.4&#8243; _module_preset=&#8220;default&#8220; custom_padding=&#8220;0px||0px||false|false&#8220; global_colors_info=&#8220;{}&#8220;][et_pb_row column_structure=&#8220;3_5,2_5&#8243; _builder_version=&#8220;4.27.4&#8243; _module_preset=&#8220;default&#8220; global_colors_info=&#8220;{}&#8220;][et_pb_column type=&#8220;3_5&#8243; _builder_version=&#8220;4.27.4&#8243; _module_preset=&#8220;default&#8220; global_colors_info=&#8220;{}&#8220;][et_pb_text _builder_version=&#8220;4.27.4&#8243; _module_preset=&#8220;default&#8220; global_colors_info=&#8220;{}&#8220;]<\/p>\n<div class=\"col-md-7 colnum_1 gridcol\">\n<div id=\"c306\" class=\"ce_element ce_id_306\">\n<div class=\"theme_textonly theme_textonly_cols_0\">\n<div class=\"theme_txt\">\n<h3>Das Kurhotel Alpina mit dem Landhaus Friedrichsh\u00f6he liegen im bevorzugten Kurbereich.<\/h3>\n<p>Den Kurpark mit seinen vielf\u00e4ltigen Angeboten erreichen Sie zu Fu\u00df innerhalb f\u00fcnf Minuten. An einer der h\u00f6chsten Stellen von Bad Reichenhall gelegen, erleben Sie einen beeindruckenden Ausblick auf das Bergpanorama und unsere Kurstadt.<\/p>\n<p>K\u00fcrzlich haben wir einen gl\u00e4sernen Au\u00dfenaufzug errichtet, um den sonst nicht ganz m\u00fchelosen &#8222;Aufstieg&#8220; zu ersparen. Nun werden Sie bequem direkt vom Fu\u00dfweg in unser Hotel gehoben. G\u00e4ste, die mit dem Auto anreisen, k\u00f6nnen ihr Fahrzeug auf den gro\u00dfz\u00fcgig bemessenen Stellpl\u00e4tzen der \u00fcberdachten und gr\u00fcn bewachsenen Parkdecks abstellen.<\/p>\n<p>Unser Haus ist spezialisiert f\u00fcr Atemkuren. Ein Hauptaugenmerk wird von unseren Fachkr\u00e4ften auf die Reinigung der Atemwege gelegt.<\/p>\n<\/div>\n<\/div>\n<\/div>\n<\/div>\n<p>[\/et_pb_text][\/et_pb_column][et_pb_column type=&#8220;2_5&#8243; _builder_version=&#8220;4.27.4&#8243; _module_preset=&#8220;default&#8220; global_colors_info=&#8220;{}&#8220;][et_pb_image src=&#8220;https:\/\/alpina.helits.de\/wp-content\/uploads\/2025\/05\/kurhotel_einfahrt_aufhzug.jpg&#8220; title_text=&#8220;kurhotel_einfahrt_aufhzug&#8220; show_in_lightbox=&#8220;on&#8220; _builder_version=&#8220;4.27.4&#8243; _module_preset=&#8220;default&#8220; hover_enabled=&#8220;0&#8243; custom_css_main_element=&#8220;\/* Positionierung f\u00fcr das Bildmodul vorbereiten *\/||.et_pb_image_wrap {||  position: relative;||  display: block;||  overflow: hidden; \/* Wichtig, damit das vergr\u00f6\u00dferte Bild nicht \u00fcberl\u00e4uft *\/||}||||\/* Das eigentliche Bild f\u00fcr Hover vorbereiten *\/||.et_pb_image_wrap img {||  transition: transform 0.5s ease; \/* Animationseffekt f\u00fcr sanften \u00dcbergang *\/||  width: 100%;||  display: block;||}||||\/* Zoom-Effekt beim Hover *\/||.et_pb_image_wrap:hover img {||  transform: scale(1.2); \/* Vergr\u00f6\u00dferung um 20% *\/||}||||&#8220; custom_css_free_form=&#8220;\/* Positionierung f\u00fcr das Bildmodul vorbereiten *\/||.et_pb_image_wrap {||  position: relative;||  display: inline-block;||}||||&#8220; global_colors_info=&#8220;{}&#8220; sticky_enabled=&#8220;0&#8243;][\/et_pb_image][\/et_pb_column][\/et_pb_row][et_pb_row _builder_version=&#8220;4.27.4&#8243; _module_preset=&#8220;default&#8220; custom_padding=&#8220;0px||||false|false&#8220; global_colors_info=&#8220;{}&#8220;][et_pb_column type=&#8220;4_4&#8243; _builder_version=&#8220;4.27.4&#8243; _module_preset=&#8220;default&#8220; global_colors_info=&#8220;{}&#8220;][et_pb_text _builder_version=&#8220;4.27.4&#8243; _module_preset=&#8220;default&#8220; global_colors_info=&#8220;{}&#8220;]<\/p>\n<p>In Verbindung mit den wertvollen Heilmitteln der Region und dem milden Alpenklima des Berchtesgadener Landes lassen sich erstaunliche, gesundheitliche Fortschritte &#8211; nicht nur bei Asthma und COPD &#8211; erzielen.<\/p>\n<p>Selbstverst\u00e4ndlich k\u00f6nnen Sie Ihren Urlaub auch ohne Kuranwendungen in einem unserer stilvollen H\u00e4usern verbringen. Neben dem Kurhotel Alpina stehen Ihnen noch das Landhaus Friedrichsh\u00f6he und die Ferienwohnungen in der Residenz Alpina zur Verf\u00fcgung.<\/p>\n<p>Eines d\u00fcrfen wir an dieser Stelle schon versprechen: Bei uns werden Sie sich wohlf\u00fchlen und k\u00f6nnen sich schon heute auf eine entspannende Zeit freuen.<\/p>\n<p>Wenn Sie etwas auf unseren Internetseiten vermissen oder ein pers\u00f6nliches Gespr\u00e4ch bevorzugen, setzen Sie sich bitte mit uns in Verbindung.<\/p>\n<p>&nbsp;<\/p>\n<h3><em>Wir hei\u00dfen Sie herzlich willkommen in einer Oase der Ruhe und Erholung.<\/em><\/h3>\n<p>[\/et_pb_text][\/et_pb_column][\/et_pb_row][\/et_pb_section][et_pb_section fb_built=&#8220;1&#8243; _builder_version=&#8220;4.27.4&#8243; _module_preset=&#8220;default&#8220; custom_padding=&#8220;0px||||false|false&#8220; global_colors_info=&#8220;{}&#8220;][et_pb_row column_structure=&#8220;1_3,1_3,1_3&#8243; _builder_version=&#8220;4.27.4&#8243; _module_preset=&#8220;default&#8220; global_colors_info=&#8220;{}&#8220;][et_pb_column type=&#8220;1_3&#8243; _builder_version=&#8220;4.27.4&#8243; _module_preset=&#8220;default&#8220; global_colors_info=&#8220;{}&#8220;][et_pb_image src=&#8220;https:\/\/alpina.helits.de\/wp-content\/uploads\/2025\/05\/kurhotel_alpina_02.jpg&#8220; title_text=&#8220;kurhotel_alpina_02&#8243; show_in_lightbox=&#8220;on&#8220; _builder_version=&#8220;4.27.4&#8243; _module_preset=&#8220;default&#8220; hover_enabled=&#8220;0&#8243; custom_css_main_element=&#8220;\/* Positionierung f\u00fcr das Bildmodul vorbereiten *\/||.et_pb_image_wrap {||  position: relative;||  display: block;||  overflow: hidden; \/* Wichtig, damit das vergr\u00f6\u00dferte Bild nicht \u00fcberl\u00e4uft *\/||}||||\/* Das eigentliche Bild f\u00fcr Hover vorbereiten *\/||.et_pb_image_wrap img {||  transition: transform 0.5s ease; \/* Animationseffekt f\u00fcr sanften \u00dcbergang *\/||  width: 100%;||  display: block;||}||||\/* Zoom-Effekt beim Hover *\/||.et_pb_image_wrap:hover img {||  transform: scale(1.2); \/* Vergr\u00f6\u00dferung um 20% *\/||}||||&#8220; custom_css_free_form=&#8220;\/* Positionierung f\u00fcr das Bildmodul vorbereiten *\/||.et_pb_image_wrap {||  position: relative;||  display: inline-block;||}||||&#8220; global_colors_info=&#8220;{}&#8220; sticky_enabled=&#8220;0&#8243;][\/et_pb_image][et_pb_image src=&#8220;https:\/\/alpina.helits.de\/wp-content\/uploads\/2025\/05\/kurhotel_alpina_62.jpg&#8220; title_text=&#8220;kurhotel_alpina_62&#8243; show_in_lightbox=&#8220;on&#8220; _builder_version=&#8220;4.27.4&#8243; _module_preset=&#8220;default&#8220; hover_enabled=&#8220;0&#8243; custom_css_main_element=&#8220;\/* Positionierung f\u00fcr das Bildmodul vorbereiten *\/||.et_pb_image_wrap {||  position: relative;||  display: block;||  overflow: hidden; \/* Wichtig, damit das vergr\u00f6\u00dferte Bild nicht \u00fcberl\u00e4uft *\/||}||||\/* Das eigentliche Bild f\u00fcr Hover vorbereiten *\/||.et_pb_image_wrap img {||  transition: transform 0.5s ease; \/* Animationseffekt f\u00fcr sanften \u00dcbergang *\/||  width: 100%;||  display: block;||}||||\/* Zoom-Effekt beim Hover *\/||.et_pb_image_wrap:hover img {||  transform: scale(1.2); \/* Vergr\u00f6\u00dferung um 20% *\/||}||||&#8220; custom_css_free_form=&#8220;\/* Positionierung f\u00fcr das Bildmodul vorbereiten *\/||.et_pb_image_wrap {||  position: relative;||  display: inline-block;||}||||&#8220; global_colors_info=&#8220;{}&#8220; sticky_enabled=&#8220;0&#8243;][\/et_pb_image][\/et_pb_column][et_pb_column type=&#8220;1_3&#8243; _builder_version=&#8220;4.27.4&#8243; _module_preset=&#8220;default&#8220; global_colors_info=&#8220;{}&#8220;][et_pb_image src=&#8220;https:\/\/alpina.helits.de\/wp-content\/uploads\/2025\/05\/kurhotel_alpina_131.jpg&#8220; title_text=&#8220;kurhotel_alpina_131&#8243; show_in_lightbox=&#8220;on&#8220; _builder_version=&#8220;4.27.4&#8243; _module_preset=&#8220;default&#8220; hover_enabled=&#8220;0&#8243; custom_css_main_element=&#8220;\/* Positionierung f\u00fcr das Bildmodul vorbereiten *\/||.et_pb_image_wrap {||  position: relative;||  display: block;||  overflow: hidden; \/* Wichtig, damit das vergr\u00f6\u00dferte Bild nicht \u00fcberl\u00e4uft *\/||}||||\/* Das eigentliche Bild f\u00fcr Hover vorbereiten *\/||.et_pb_image_wrap img {||  transition: transform 0.5s ease; \/* Animationseffekt f\u00fcr sanften \u00dcbergang *\/||  width: 100%;||  display: block;||}||||\/* Zoom-Effekt beim Hover *\/||.et_pb_image_wrap:hover img {||  transform: scale(1.2); \/* Vergr\u00f6\u00dferung um 20% *\/||}||||&#8220; custom_css_free_form=&#8220;\/* Positionierung f\u00fcr das Bildmodul vorbereiten *\/||.et_pb_image_wrap {||  position: relative;||  display: inline-block;||}||||&#8220; global_colors_info=&#8220;{}&#8220; sticky_enabled=&#8220;0&#8243;][\/et_pb_image][et_pb_image src=&#8220;https:\/\/alpina.helits.de\/wp-content\/uploads\/2025\/05\/kurhotel_alpina_19.jpg&#8220; title_text=&#8220;kurhotel_alpina_19&#8243; show_in_lightbox=&#8220;on&#8220; _builder_version=&#8220;4.27.4&#8243; _module_preset=&#8220;default&#8220; hover_enabled=&#8220;0&#8243; custom_css_main_element=&#8220;\/* Positionierung f\u00fcr das Bildmodul vorbereiten *\/||.et_pb_image_wrap {||  position: relative;||  display: block;||  overflow: hidden; \/* Wichtig, damit das vergr\u00f6\u00dferte Bild nicht \u00fcberl\u00e4uft *\/||}||||\/* Das eigentliche Bild f\u00fcr Hover vorbereiten *\/||.et_pb_image_wrap img {||  transition: transform 0.5s ease; \/* Animationseffekt f\u00fcr sanften \u00dcbergang *\/||  width: 100%;||  display: block;||}||||\/* Zoom-Effekt beim Hover *\/||.et_pb_image_wrap:hover img {||  transform: scale(1.2); \/* Vergr\u00f6\u00dferung um 20% *\/||}||||&#8220; custom_css_free_form=&#8220;\/* Positionierung f\u00fcr das Bildmodul vorbereiten *\/||.et_pb_image_wrap {||  position: relative;||  display: inline-block;||}||||&#8220; global_colors_info=&#8220;{}&#8220; sticky_enabled=&#8220;0&#8243;][\/et_pb_image][\/et_pb_column][et_pb_column type=&#8220;1_3&#8243; _builder_version=&#8220;4.27.4&#8243; _module_preset=&#8220;default&#8220; global_colors_info=&#8220;{}&#8220;][et_pb_image src=&#8220;https:\/\/alpina.helits.de\/wp-content\/uploads\/2025\/05\/kurhotel_alpina_139.jpg&#8220; title_text=&#8220;kurhotel_alpina_139&#8243; show_in_lightbox=&#8220;on&#8220; _builder_version=&#8220;4.27.4&#8243; _module_preset=&#8220;default&#8220; hover_enabled=&#8220;0&#8243; custom_css_main_element=&#8220;\/* Positionierung f\u00fcr das Bildmodul vorbereiten *\/||.et_pb_image_wrap {||  position: relative;||  display: block;||  overflow: hidden; \/* Wichtig, damit das vergr\u00f6\u00dferte Bild nicht \u00fcberl\u00e4uft *\/||}||||\/* Das eigentliche Bild f\u00fcr Hover vorbereiten *\/||.et_pb_image_wrap img {||  transition: transform 0.5s ease; \/* Animationseffekt f\u00fcr sanften \u00dcbergang *\/||  width: 100%;||  display: block;||}||||\/* Zoom-Effekt beim Hover *\/||.et_pb_image_wrap:hover img {||  transform: scale(1.2); \/* Vergr\u00f6\u00dferung um 20% *\/||}||||&#8220; custom_css_free_form=&#8220;\/* Positionierung f\u00fcr das Bildmodul vorbereiten *\/||.et_pb_image_wrap {||  position: relative;||  display: inline-block;||}||||&#8220; global_colors_info=&#8220;{}&#8220; sticky_enabled=&#8220;0&#8243;][\/et_pb_image][et_pb_image src=&#8220;https:\/\/alpina.helits.de\/wp-content\/uploads\/2025\/05\/kurhotel_alpina_103.jpg&#8220; title_text=&#8220;\u00cb;P&#8220; show_in_lightbox=&#8220;on&#8220; _builder_version=&#8220;4.27.4&#8243; _module_preset=&#8220;default&#8220; hover_enabled=&#8220;0&#8243; custom_css_main_element=&#8220;\/* Positionierung f\u00fcr das Bildmodul vorbereiten *\/||.et_pb_image_wrap {||  position: relative;||  display: block;||  overflow: hidden; \/* Wichtig, damit das vergr\u00f6\u00dferte Bild nicht \u00fcberl\u00e4uft *\/||}||||\/* Das eigentliche Bild f\u00fcr Hover vorbereiten *\/||.et_pb_image_wrap img {||  transition: transform 0.5s ease; \/* Animationseffekt f\u00fcr sanften \u00dcbergang *\/||  width: 100%;||  display: block;||}||||\/* Zoom-Effekt beim Hover *\/||.et_pb_image_wrap:hover img {||  transform: scale(1.2); \/* Vergr\u00f6\u00dferung um 20% *\/||}||||&#8220; custom_css_free_form=&#8220;\/* Positionierung f\u00fcr das Bildmodul vorbereiten *\/||.et_pb_image_wrap {||  position: relative;||  display: inline-block;||}||||&#8220; global_colors_info=&#8220;{}&#8220; sticky_enabled=&#8220;0&#8243;][\/et_pb_image][\/et_pb_column][\/et_pb_row][\/et_pb_section][et_pb_section fb_built=&#8220;1&#8243; _builder_version=&#8220;4.27.4&#8243; _module_preset=&#8220;default&#8220; custom_padding=&#8220;30px||0px||false|false&#8220; global_colors_info=&#8220;{}&#8220;][et_pb_row _builder_version=&#8220;4.27.4&#8243; _module_preset=&#8220;default&#8220; global_colors_info=&#8220;{}&#8220;][et_pb_column type=&#8220;4_4&#8243; _builder_version=&#8220;4.27.4&#8243; _module_preset=&#8220;default&#8220; global_colors_info=&#8220;{}&#8220;][et_pb_text _builder_version=&#8220;4.27.4&#8243; _module_preset=&#8220;default&#8220; header_text_align=&#8220;center&#8220; header_2_font=&#8220;|300|||||||&#8220; header_2_text_align=&#8220;center&#8220; header_2_text_color=&#8220;#C1A56C&#8220; header_2_font_size=&#8220;28px&#8220; global_colors_info=&#8220;{}&#8220;]<\/p>\n<h2 class=\"theme_divider_title\">Wohlf\u00fchlen und entspannen<\/h2>\n<p>[\/et_pb_text][\/et_pb_column][\/et_pb_row][\/et_pb_section][et_pb_section fb_built=&#8220;1&#8243; admin_label=&#8220;Teiler&#8220; _builder_version=&#8220;4.27.4&#8243; _module_preset=&#8220;default&#8220; custom_padding=&#8220;0px||0px||true|false&#8220; global_colors_info=&#8220;{}&#8220;][et_pb_row _builder_version=&#8220;4.27.4&#8243; _module_preset=&#8220;default&#8220; height=&#8220;0px&#8220; custom_padding=&#8220;0px||0px||true|false&#8220; global_colors_info=&#8220;{}&#8220;][et_pb_column type=&#8220;4_4&#8243; _builder_version=&#8220;4.27.4&#8243; _module_preset=&#8220;default&#8220; global_colors_info=&#8220;{}&#8220;][et_pb_divider _builder_version=&#8220;4.27.4&#8243; _module_preset=&#8220;default&#8220; z_index=&#8220;-1&#8243; width=&#8220;50%&#8220; module_alignment=&#8220;center&#8220; global_colors_info=&#8220;{}&#8220;][\/et_pb_divider][et_pb_icon font_icon=&#8220;&#x42;||divi||400&#8243; icon_width=&#8220;28px&#8220; _builder_version=&#8220;4.27.4&#8243; _module_preset=&#8220;default&#8220; background_color=&#8220;#FFFFFF&#8220; positioning=&#8220;absolute&#8220; position_origin_a=&#8220;top_center&#8220; position_origin_f=&#8220;center_center&#8220; vertical_offset=&#8220;-10px&#8220; z_index=&#8220;1&#8243; custom_padding=&#8220;0px||0px||false|false&#8220; global_colors_info=&#8220;{}&#8220;][\/et_pb_icon][\/et_pb_column][\/et_pb_row][\/et_pb_section][et_pb_section fb_built=&#8220;1&#8243; _builder_version=&#8220;4.27.4&#8243; _module_preset=&#8220;default&#8220; custom_padding=&#8220;0px||35px||false|false&#8220; global_colors_info=&#8220;{}&#8220;][et_pb_row _builder_version=&#8220;4.27.4&#8243; _module_preset=&#8220;default&#8220; custom_margin=&#8220;||||false|false&#8220; custom_padding=&#8220;0px||0px||false|false&#8220; global_colors_info=&#8220;{}&#8220;][et_pb_column type=&#8220;4_4&#8243; _builder_version=&#8220;4.27.4&#8243; _module_preset=&#8220;default&#8220; global_colors_info=&#8220;{}&#8220;][et_pb_text _builder_version=&#8220;4.27.4&#8243; _module_preset=&#8220;default&#8220; header_text_align=&#8220;center&#8220; header_2_font=&#8220;|300|||||||&#8220; header_2_text_align=&#8220;center&#8220; header_2_text_color=&#8220;#C1A56C&#8220; header_2_font_size=&#8220;28px&#8220; header_3_text_align=&#8220;center&#8220; custom_margin=&#8220;-20px||||false|false&#8220; custom_padding=&#8220;||||false|false&#8220; global_colors_info=&#8220;{}&#8220;]<\/p>\n<h3 class=\"theme_divider_subtitle\">The Kurhotel Alpina <\/h3>\n<p>[\/et_pb_text][\/et_pb_column][\/et_pb_row][\/et_pb_section]<\/p>","protected":false},"excerpt":{"rendered":"<p>Das Kurhotel Alpina in Bad Reichenhall Das Kurhotel Alpina mit dem Landhaus Friedrichsh\u00f6he liegen im bevorzugten Kurbereich. Den Kurpark mit seinen vielf\u00e4ltigen Angeboten erreichen Sie zu Fu\u00df innerhalb f\u00fcnf Minuten. An einer der h\u00f6chsten Stellen von Bad Reichenhall gelegen, erleben Sie einen beeindruckenden Ausblick auf das Bergpanorama und unsere Kurstadt. K\u00fcrzlich haben wir einen gl\u00e4sernen [&hellip;]<\/p>","protected":false},"author":1,"featured_media":0,"parent":0,"menu_order":0,"comment_status":"closed","ping_status":"closed","template":"","meta":{"_et_pb_use_builder":"on","_et_pb_old_content":"","_et_gb_content_width":"","footnotes":""},"class_list":["post-22","page","type-page","status-publish","hentry"],"_links":{"self":[{"href":"https:\/\/www.kurhotel-alpina-bad-reichenhall.de\/en\/wp-json\/wp\/v2\/pages\/22","targetHints":{"allow":["GET"]}}],"collection":[{"href":"https:\/\/www.kurhotel-alpina-bad-reichenhall.de\/en\/wp-json\/wp\/v2\/pages"}],"about":[{"href":"https:\/\/www.kurhotel-alpina-bad-reichenhall.de\/en\/wp-json\/wp\/v2\/types\/page"}],"author":[{"embeddable":true,"href":"https:\/\/www.kurhotel-alpina-bad-reichenhall.de\/en\/wp-json\/wp\/v2\/users\/1"}],"replies":[{"embeddable":true,"href":"https:\/\/www.kurhotel-alpina-bad-reichenhall.de\/en\/wp-json\/wp\/v2\/comments?post=22"}],"version-history":[{"count":7,"href":"https:\/\/www.kurhotel-alpina-bad-reichenhall.de\/en\/wp-json\/wp\/v2\/pages\/22\/revisions"}],"predecessor-version":[{"id":493,"href":"https:\/\/www.kurhotel-alpina-bad-reichenhall.de\/en\/wp-json\/wp\/v2\/pages\/22\/revisions\/493"}],"wp:attachment":[{"href":"https:\/\/www.kurhotel-alpina-bad-reichenhall.de\/en\/wp-json\/wp\/v2\/media?parent=22"}],"curies":[{"name":"wp","href":"https:\/\/api.w.org\/{rel}","templated":true}]}}