{"id":26,"date":"2025-05-09T15:30:14","date_gmt":"2025-05-09T13:30:14","guid":{"rendered":"https:\/\/alpina.helits.de\/?page_id=26"},"modified":"2025-05-30T14:49:06","modified_gmt":"2025-05-30T12:49:06","slug":"landhaus-friedrichshoehe","status":"publish","type":"page","link":"https:\/\/www.kurhotel-alpina-bad-reichenhall.de\/en\/landhaus-friedrichshoehe\/","title":{"rendered":"Landhaus Friedrichsh\u00f6he"},"content":{"rendered":"<p>[et_pb_section fb_built=&#8220;1&#8243; fullwidth=&#8220;on&#8220; _builder_version=&#8220;4.27.4&#8243; _module_preset=&#8220;default&#8220; global_colors_info=&#8220;{}&#8220;][et_pb_fullwidth_slider _builder_version=&#8220;4.27.4&#8243; _module_preset=&#8220;default&#8220; height=&#8220;837px&#8220; global_colors_info=&#8220;{}&#8220;][et_pb_slide _builder_version=&#8220;4.27.4&#8243; _module_preset=&#8220;default&#8220; background_enable_color=&#8220;off&#8220; background_image=&#8220;https:\/\/alpina.helits.de\/wp-content\/uploads\/2025\/05\/csm_header_landhaus_friedrichshoehe_02_39fa46a9fb.jpg&#8220; background_enable_image=&#8220;on&#8220; global_colors_info=&#8220;{}&#8220; sticky_transition=&#8220;on&#8220;][\/et_pb_slide][\/et_pb_fullwidth_slider][\/et_pb_section][et_pb_section fb_built=&#8220;1&#8243; _builder_version=&#8220;4.27.4&#8243; _module_preset=&#8220;default&#8220; custom_padding=&#8220;35px||0px||false|false&#8220; global_colors_info=&#8220;{}&#8220;][et_pb_row _builder_version=&#8220;4.27.4&#8243; _module_preset=&#8220;default&#8220; global_colors_info=&#8220;{}&#8220;][et_pb_column type=&#8220;4_4&#8243; _builder_version=&#8220;4.27.4&#8243; _module_preset=&#8220;default&#8220; global_colors_info=&#8220;{}&#8220;][et_pb_text _builder_version=&#8220;4.27.4&#8243; _module_preset=&#8220;default&#8220; header_text_align=&#8220;center&#8220; header_2_font=&#8220;|300|||||||&#8220; header_2_text_align=&#8220;center&#8220; header_2_text_color=&#8220;#C1A56C&#8220; header_2_font_size=&#8220;28px&#8220; global_colors_info=&#8220;{}&#8220;]<\/p>\n<h2 class=\"theme_divider_title\">LANDHAUS FRIEDRICHSH\u00d6HE<\/h2>\n<p>[\/et_pb_text][\/et_pb_column][\/et_pb_row][\/et_pb_section][et_pb_section fb_built=&#8220;1&#8243; _builder_version=&#8220;4.27.4&#8243; _module_preset=&#8220;default&#8220; custom_padding=&#8220;0px||0px||true|false&#8220; global_colors_info=&#8220;{}&#8220;][et_pb_row _builder_version=&#8220;4.27.4&#8243; _module_preset=&#8220;default&#8220; height=&#8220;0px&#8220; custom_padding=&#8220;0px||0px||true|false&#8220; global_colors_info=&#8220;{}&#8220;][et_pb_column type=&#8220;4_4&#8243; _builder_version=&#8220;4.27.4&#8243; _module_preset=&#8220;default&#8220; global_colors_info=&#8220;{}&#8220;][et_pb_divider _builder_version=&#8220;4.27.4&#8243; _module_preset=&#8220;default&#8220; z_index=&#8220;-1&#8243; width=&#8220;50%&#8220; module_alignment=&#8220;center&#8220; global_colors_info=&#8220;{}&#8220;][\/et_pb_divider][et_pb_icon font_icon=&#8220;&#x42;||divi||400&#8243; icon_width=&#8220;28px&#8220; _builder_version=&#8220;4.27.4&#8243; _module_preset=&#8220;default&#8220; background_color=&#8220;#FFFFFF&#8220; positioning=&#8220;absolute&#8220; position_origin_a=&#8220;top_center&#8220; position_origin_f=&#8220;center_center&#8220; vertical_offset=&#8220;-10px&#8220; z_index=&#8220;1&#8243; custom_padding=&#8220;0px||0px||false|false&#8220; global_colors_info=&#8220;{}&#8220;][\/et_pb_icon][\/et_pb_column][\/et_pb_row][\/et_pb_section][et_pb_section fb_built=&#8220;1&#8243; _builder_version=&#8220;4.27.4&#8243; _module_preset=&#8220;default&#8220; custom_padding=&#8220;0px||35px||false|false&#8220; global_colors_info=&#8220;{}&#8220;][et_pb_row _builder_version=&#8220;4.27.4&#8243; _module_preset=&#8220;default&#8220; custom_margin=&#8220;||||false|false&#8220; custom_padding=&#8220;0px||0px||false|false&#8220; global_colors_info=&#8220;{}&#8220;][et_pb_column type=&#8220;4_4&#8243; _builder_version=&#8220;4.27.4&#8243; _module_preset=&#8220;default&#8220; global_colors_info=&#8220;{}&#8220;][et_pb_text _builder_version=&#8220;4.27.4&#8243; _module_preset=&#8220;default&#8220; header_text_align=&#8220;center&#8220; header_2_font=&#8220;|300|||||||&#8220; header_2_text_align=&#8220;center&#8220; header_2_text_color=&#8220;#C1A56C&#8220; header_2_font_size=&#8220;28px&#8220; header_3_text_align=&#8220;center&#8220; custom_margin=&#8220;-20px||||false|false&#8220; custom_padding=&#8220;||||false|false&#8220; global_colors_info=&#8220;{}&#8220;]<\/p>\n<h3 class=\"theme_divider_subtitle\">in Bad Reichenhall<\/h3>\n<p>[\/et_pb_text][\/et_pb_column][\/et_pb_row][\/et_pb_section][et_pb_section fb_built=&#8220;1&#8243; admin_label=&#8220;Sektion&#8220; _builder_version=&#8220;4.27.4&#8243; _module_preset=&#8220;default&#8220; custom_padding=&#8220;0px||0px||false|false&#8220; global_colors_info=&#8220;{}&#8220;][et_pb_row column_structure=&#8220;3_5,2_5&#8243; _builder_version=&#8220;4.27.4&#8243; _module_preset=&#8220;default&#8220; global_colors_info=&#8220;{}&#8220;][et_pb_column type=&#8220;3_5&#8243; _builder_version=&#8220;4.27.4&#8243; _module_preset=&#8220;default&#8220; global_colors_info=&#8220;{}&#8220;][et_pb_text _builder_version=&#8220;4.27.4&#8243; _module_preset=&#8220;default&#8220; global_colors_info=&#8220;{}&#8220;]<\/p>\n<h3>Das Landhaus liegt einen Katzensprung entfernt vom Kurhotel, inmitten unseres ruhigen Parks.<\/h3>\n<p>&nbsp;<\/p>\n<p>Auch von dort genie\u00dfen Sie einen ungetr\u00fcbten Ausblick auf das Panorama und Bad Reichenhall.<\/p>\n<p>Ausgestattet wurde das Landhaus im l\u00e4ndlichen Stil und ist mit vielen, liebevollen Details eingerichtet.<\/p>\n<p>Alle Zimmer verf\u00fcgen \u00fcber Selbstwahltelefon, Fernseher, Minibar und Bad oder Dusche mit WC. Die Etagen k\u00f6nnen bequem und stufenfrei mit dem Aufzug erreicht werden.<\/p>\n<p>Die Doppelzimmer verf\u00fcgen zumeist \u00fcber einen Balkon zur Parkseite.<\/p>\n<p>[\/et_pb_text][\/et_pb_column][et_pb_column type=&#8220;2_5&#8243; _builder_version=&#8220;4.27.4&#8243; _module_preset=&#8220;default&#8220; global_colors_info=&#8220;{}&#8220;][et_pb_image src=&#8220;https:\/\/alpina.helits.de\/wp-content\/uploads\/2025\/05\/kurhotel_alpina_141.jpg&#8220; title_text=&#8220;kurhotel_alpina_141&#8243; show_in_lightbox=&#8220;on&#8220; _builder_version=&#8220;4.27.4&#8243; _module_preset=&#8220;default&#8220; hover_enabled=&#8220;0&#8243; custom_css_main_element=&#8220;\/* Positionierung f\u00fcr das Bildmodul vorbereiten *\/||.et_pb_image_wrap {||  position: relative;||  display: block;||  overflow: hidden; \/* Wichtig, damit das vergr\u00f6\u00dferte Bild nicht \u00fcberl\u00e4uft *\/||}||||\/* Das eigentliche Bild f\u00fcr Hover vorbereiten *\/||.et_pb_image_wrap img {||  transition: transform 0.5s ease; \/* Animationseffekt f\u00fcr sanften \u00dcbergang *\/||  width: 100%;||  display: block;||}||||\/* Zoom-Effekt beim Hover *\/||.et_pb_image_wrap:hover img {||  transform: scale(1.2); \/* Vergr\u00f6\u00dferung um 20% *\/||}||||&#8220; custom_css_free_form=&#8220;\/* Positionierung f\u00fcr das Bildmodul vorbereiten *\/||.et_pb_image_wrap {||  position: relative;||  display: inline-block;||}||&#8220; global_colors_info=&#8220;{}&#8220; sticky_enabled=&#8220;0&#8243;][\/et_pb_image][\/et_pb_column][\/et_pb_row][\/et_pb_section][et_pb_section fb_built=&#8220;1&#8243; _builder_version=&#8220;4.27.4&#8243; _module_preset=&#8220;default&#8220; custom_padding=&#8220;30px||0px||false|false&#8220; global_colors_info=&#8220;{}&#8220;][et_pb_row _builder_version=&#8220;4.27.4&#8243; _module_preset=&#8220;default&#8220; global_colors_info=&#8220;{}&#8220;][et_pb_column type=&#8220;4_4&#8243; _builder_version=&#8220;4.27.4&#8243; _module_preset=&#8220;default&#8220; global_colors_info=&#8220;{}&#8220;][et_pb_text _builder_version=&#8220;4.27.4&#8243; _module_preset=&#8220;default&#8220; header_text_align=&#8220;center&#8220; header_2_font=&#8220;|300|||||||&#8220; header_2_text_align=&#8220;center&#8220; header_2_text_color=&#8220;#C1A56C&#8220; header_2_font_size=&#8220;28px&#8220; global_colors_info=&#8220;{}&#8220;]<\/p>\n<h2 class=\"theme_divider_title\">Wohlf\u00fchlen und entspannen<\/h2>\n<p>[\/et_pb_text][\/et_pb_column][\/et_pb_row][\/et_pb_section][et_pb_section fb_built=&#8220;1&#8243; admin_label=&#8220;Teiler&#8220; _builder_version=&#8220;4.27.4&#8243; _module_preset=&#8220;default&#8220; custom_padding=&#8220;0px||0px||true|false&#8220; global_colors_info=&#8220;{}&#8220;][et_pb_row _builder_version=&#8220;4.27.4&#8243; _module_preset=&#8220;default&#8220; height=&#8220;0px&#8220; custom_padding=&#8220;0px||0px||true|false&#8220; global_colors_info=&#8220;{}&#8220;][et_pb_column type=&#8220;4_4&#8243; _builder_version=&#8220;4.27.4&#8243; _module_preset=&#8220;default&#8220; global_colors_info=&#8220;{}&#8220;][et_pb_divider _builder_version=&#8220;4.27.4&#8243; _module_preset=&#8220;default&#8220; z_index=&#8220;-1&#8243; width=&#8220;50%&#8220; module_alignment=&#8220;center&#8220; global_colors_info=&#8220;{}&#8220;][\/et_pb_divider][et_pb_icon font_icon=&#8220;&#x42;||divi||400&#8243; icon_width=&#8220;28px&#8220; _builder_version=&#8220;4.27.4&#8243; _module_preset=&#8220;default&#8220; background_color=&#8220;#FFFFFF&#8220; positioning=&#8220;absolute&#8220; position_origin_a=&#8220;top_center&#8220; position_origin_f=&#8220;center_center&#8220; vertical_offset=&#8220;-10px&#8220; z_index=&#8220;1&#8243; custom_padding=&#8220;0px||0px||false|false&#8220; global_colors_info=&#8220;{}&#8220;][\/et_pb_icon][\/et_pb_column][\/et_pb_row][\/et_pb_section][et_pb_section fb_built=&#8220;1&#8243; _builder_version=&#8220;4.27.4&#8243; _module_preset=&#8220;default&#8220; custom_padding=&#8220;0px||35px||false|false&#8220; global_colors_info=&#8220;{}&#8220;][et_pb_row _builder_version=&#8220;4.27.4&#8243; _module_preset=&#8220;default&#8220; custom_margin=&#8220;||||false|false&#8220; custom_padding=&#8220;0px||0px||false|false&#8220; global_colors_info=&#8220;{}&#8220;][et_pb_column type=&#8220;4_4&#8243; _builder_version=&#8220;4.27.4&#8243; _module_preset=&#8220;default&#8220; global_colors_info=&#8220;{}&#8220;][et_pb_text _builder_version=&#8220;4.27.4&#8243; _module_preset=&#8220;default&#8220; header_text_align=&#8220;center&#8220; header_2_font=&#8220;|300|||||||&#8220; header_2_text_align=&#8220;center&#8220; header_2_text_color=&#8220;#C1A56C&#8220; header_2_font_size=&#8220;28px&#8220; header_3_text_align=&#8220;center&#8220; custom_margin=&#8220;-20px||||false|false&#8220; custom_padding=&#8220;||||false|false&#8220; global_colors_info=&#8220;{}&#8220;]<\/p>\n<h3 class=\"theme_divider_subtitle\">im Landhaus Friedrichsh\u00f6he<\/h3>\n<p>[\/et_pb_text][\/et_pb_column][\/et_pb_row][\/et_pb_section][et_pb_section fb_built=&#8220;1&#8243; _builder_version=&#8220;4.27.4&#8243; _module_preset=&#8220;default&#8220; custom_padding=&#8220;0px||||false|false&#8220; global_colors_info=&#8220;{}&#8220;][et_pb_row column_structure=&#8220;1_3,1_3,1_3&#8243; _builder_version=&#8220;4.27.4&#8243; _module_preset=&#8220;default&#8220; global_colors_info=&#8220;{}&#8220;][et_pb_column type=&#8220;1_3&#8243; _builder_version=&#8220;4.27.4&#8243; _module_preset=&#8220;default&#8220; global_colors_info=&#8220;{}&#8220;][et_pb_image src=&#8220;https:\/\/alpina.helits.de\/wp-content\/uploads\/2025\/05\/kurhotel_alpina_64-1.jpg&#8220; title_text=&#8220;kurhotel_alpina_64&#8243; show_in_lightbox=&#8220;on&#8220; _builder_version=&#8220;4.27.4&#8243; _module_preset=&#8220;default&#8220; hover_enabled=&#8220;0&#8243; custom_css_main_element=&#8220;\/* Positionierung f\u00fcr das Bildmodul vorbereiten *\/||.et_pb_image_wrap {||  position: relative;||  display: block;||  overflow: hidden; \/* Wichtig, damit das vergr\u00f6\u00dferte Bild nicht \u00fcberl\u00e4uft *\/||}||||\/* Das eigentliche Bild f\u00fcr Hover vorbereiten *\/||.et_pb_image_wrap img {||  transition: transform 0.5s ease; \/* Animationseffekt f\u00fcr sanften \u00dcbergang *\/||  width: 100%;||  display: block;||}||||\/* Zoom-Effekt beim Hover *\/||.et_pb_image_wrap:hover img {||  transform: scale(1.2); \/* Vergr\u00f6\u00dferung um 20% *\/||}||||&#8220; custom_css_free_form=&#8220;\/* Positionierung f\u00fcr das Bildmodul vorbereiten *\/||.et_pb_image_wrap {||  position: relative;||  display: inline-block;||}||||&#8220; global_colors_info=&#8220;{}&#8220; sticky_enabled=&#8220;0&#8243;][\/et_pb_image][et_pb_image src=&#8220;https:\/\/alpina.helits.de\/wp-content\/uploads\/2025\/05\/kurhotel_alpina_68.jpg&#8220; title_text=&#8220;kurhotel_alpina_68&#8243; show_in_lightbox=&#8220;on&#8220; _builder_version=&#8220;4.27.4&#8243; _module_preset=&#8220;default&#8220; custom_css_main_element=&#8220;\/* Positionierung f\u00fcr das Bildmodul vorbereiten *\/||.et_pb_image_wrap {||  position: relative;||  display: block;||  overflow: hidden; \/* Wichtig, damit das vergr\u00f6\u00dferte Bild nicht \u00fcberl\u00e4uft *\/||}||||\/* Das eigentliche Bild f\u00fcr Hover vorbereiten *\/||.et_pb_image_wrap img {||  transition: transform 0.5s ease; \/* Animationseffekt f\u00fcr sanften \u00dcbergang *\/||  width: 100%;||  display: block;||}||||\/* Zoom-Effekt beim Hover *\/||.et_pb_image_wrap:hover img {||  transform: scale(1.2); \/* Vergr\u00f6\u00dferung um 20% *\/||}||||&#8220; custom_css_free_form=&#8220;\/* Positionierung f\u00fcr das Bildmodul vorbereiten *\/||.et_pb_image_wrap {||  position: relative;||  display: inline-block;||}||||&#8220; global_colors_info=&#8220;{}&#8220;][\/et_pb_image][\/et_pb_column][et_pb_column type=&#8220;1_3&#8243; _builder_version=&#8220;4.27.4&#8243; _module_preset=&#8220;default&#8220; global_colors_info=&#8220;{}&#8220;][et_pb_image src=&#8220;https:\/\/alpina.helits.de\/wp-content\/uploads\/2025\/05\/kurhotel_alpina_66.jpg&#8220; title_text=&#8220;kurhotel_alpina_66&#8243; show_in_lightbox=&#8220;on&#8220; _builder_version=&#8220;4.27.4&#8243; _module_preset=&#8220;default&#8220; custom_css_main_element=&#8220;\/* Positionierung f\u00fcr das Bildmodul vorbereiten *\/||.et_pb_image_wrap {||  position: relative;||  display: block;||  overflow: hidden; \/* Wichtig, damit das vergr\u00f6\u00dferte Bild nicht \u00fcberl\u00e4uft *\/||}||||\/* Das eigentliche Bild f\u00fcr Hover vorbereiten *\/||.et_pb_image_wrap img {||  transition: transform 0.5s ease; \/* Animationseffekt f\u00fcr sanften \u00dcbergang *\/||  width: 100%;||  display: block;||}||||\/* Zoom-Effekt beim Hover *\/||.et_pb_image_wrap:hover img {||  transform: scale(1.2); \/* Vergr\u00f6\u00dferung um 20% *\/||}||||&#8220; custom_css_free_form=&#8220;\/* Positionierung f\u00fcr das Bildmodul vorbereiten *\/||.et_pb_image_wrap {||  position: relative;||  display: inline-block;||}||&#8220; global_colors_info=&#8220;{}&#8220;][\/et_pb_image][et_pb_image src=&#8220;https:\/\/alpina.helits.de\/wp-content\/uploads\/2025\/05\/kurhotel_alpina_39.jpg&#8220; title_text=&#8220;kurhotel_alpina_39&#8243; show_in_lightbox=&#8220;on&#8220; _builder_version=&#8220;4.27.4&#8243; _module_preset=&#8220;default&#8220; custom_css_main_element=&#8220;\/* Positionierung f\u00fcr das Bildmodul vorbereiten *\/||.et_pb_image_wrap {||  position: relative;||  display: block;||  overflow: hidden; \/* Wichtig, damit das vergr\u00f6\u00dferte Bild nicht \u00fcberl\u00e4uft *\/||}||||\/* Das eigentliche Bild f\u00fcr Hover vorbereiten *\/||.et_pb_image_wrap img {||  transition: transform 0.5s ease; \/* Animationseffekt f\u00fcr sanften \u00dcbergang *\/||  width: 100%;||  display: block;||}||||\/* Zoom-Effekt beim Hover *\/||.et_pb_image_wrap:hover img {||  transform: scale(1.2); \/* Vergr\u00f6\u00dferung um 20% *\/||}||||&#8220; custom_css_free_form=&#8220;\/* Positionierung f\u00fcr das Bildmodul vorbereiten *\/||.et_pb_image_wrap {||  position: relative;||  display: inline-block;||}||||&#8220; global_colors_info=&#8220;{}&#8220;][\/et_pb_image][\/et_pb_column][et_pb_column type=&#8220;1_3&#8243; _builder_version=&#8220;4.27.4&#8243; _module_preset=&#8220;default&#8220; global_colors_info=&#8220;{}&#8220;][et_pb_image src=&#8220;https:\/\/alpina.helits.de\/wp-content\/uploads\/2025\/05\/kurhotel_alpina_124.jpg&#8220; title_text=&#8220;kurhotel_alpina_124&#8243; show_in_lightbox=&#8220;on&#8220; _builder_version=&#8220;4.27.4&#8243; _module_preset=&#8220;default&#8220; custom_css_main_element=&#8220;\/* Positionierung f\u00fcr das Bildmodul vorbereiten *\/||.et_pb_image_wrap {||  position: relative;||  display: block;||  overflow: hidden; \/* Wichtig, damit das vergr\u00f6\u00dferte Bild nicht \u00fcberl\u00e4uft *\/||}||||\/* Das eigentliche Bild f\u00fcr Hover vorbereiten *\/||.et_pb_image_wrap img {||  transition: transform 0.5s ease; \/* Animationseffekt f\u00fcr sanften \u00dcbergang *\/||  width: 100%;||  display: block;||}||||\/* Zoom-Effekt beim Hover *\/||.et_pb_image_wrap:hover img {||  transform: scale(1.2); \/* Vergr\u00f6\u00dferung um 20% *\/||}||||&#8220; custom_css_free_form=&#8220;\/* Positionierung f\u00fcr das Bildmodul vorbereiten *\/||.et_pb_image_wrap {||  position: relative;||  display: inline-block;||}||&#8220; global_colors_info=&#8220;{}&#8220;][\/et_pb_image][et_pb_image src=&#8220;https:\/\/alpina.helits.de\/wp-content\/uploads\/2025\/05\/kurhotel_alpina_42.jpg&#8220; title_text=&#8220;kurhotel_alpina_42&#8243; show_in_lightbox=&#8220;on&#8220; _builder_version=&#8220;4.27.4&#8243; _module_preset=&#8220;default&#8220; custom_css_main_element=&#8220;\/* Positionierung f\u00fcr das Bildmodul vorbereiten *\/||.et_pb_image_wrap {||  position: relative;||  display: block;||  overflow: hidden; \/* Wichtig, damit das vergr\u00f6\u00dferte Bild nicht \u00fcberl\u00e4uft *\/||}||||\/* Das eigentliche Bild f\u00fcr Hover vorbereiten *\/||.et_pb_image_wrap img {||  transition: transform 0.5s ease; \/* Animationseffekt f\u00fcr sanften \u00dcbergang *\/||  width: 100%;||  display: block;||}||||\/* Zoom-Effekt beim Hover *\/||.et_pb_image_wrap:hover img {||  transform: scale(1.2); \/* Vergr\u00f6\u00dferung um 20% *\/||}||||&#8220; custom_css_free_form=&#8220;\/* Positionierung f\u00fcr das Bildmodul vorbereiten *\/||.et_pb_image_wrap {||  position: relative;||  display: inline-block;||}||||&#8220; global_colors_info=&#8220;{}&#8220;][\/et_pb_image][\/et_pb_column][\/et_pb_row][\/et_pb_section]<\/p>","protected":false},"excerpt":{"rendered":"<p>LANDHAUS FRIEDRICHSH\u00d6HEin Bad ReichenhallDas Landhaus liegt einen Katzensprung entfernt vom Kurhotel, inmitten unseres ruhigen Parks. &nbsp; Auch von dort genie\u00dfen Sie einen ungetr\u00fcbten Ausblick auf das Panorama und Bad Reichenhall. Ausgestattet wurde das Landhaus im l\u00e4ndlichen Stil und ist mit vielen, liebevollen Details eingerichtet. Alle Zimmer verf\u00fcgen \u00fcber Selbstwahltelefon, Fernseher, Minibar und Bad oder Dusche [&hellip;]<\/p>","protected":false},"author":1,"featured_media":0,"parent":0,"menu_order":0,"comment_status":"closed","ping_status":"closed","template":"","meta":{"_et_pb_use_builder":"on","_et_pb_old_content":"","_et_gb_content_width":"","footnotes":""},"class_list":["post-26","page","type-page","status-publish","hentry"],"_links":{"self":[{"href":"https:\/\/www.kurhotel-alpina-bad-reichenhall.de\/en\/wp-json\/wp\/v2\/pages\/26","targetHints":{"allow":["GET"]}}],"collection":[{"href":"https:\/\/www.kurhotel-alpina-bad-reichenhall.de\/en\/wp-json\/wp\/v2\/pages"}],"about":[{"href":"https:\/\/www.kurhotel-alpina-bad-reichenhall.de\/en\/wp-json\/wp\/v2\/types\/page"}],"author":[{"embeddable":true,"href":"https:\/\/www.kurhotel-alpina-bad-reichenhall.de\/en\/wp-json\/wp\/v2\/users\/1"}],"replies":[{"embeddable":true,"href":"https:\/\/www.kurhotel-alpina-bad-reichenhall.de\/en\/wp-json\/wp\/v2\/comments?post=26"}],"version-history":[{"count":7,"href":"https:\/\/www.kurhotel-alpina-bad-reichenhall.de\/en\/wp-json\/wp\/v2\/pages\/26\/revisions"}],"predecessor-version":[{"id":500,"href":"https:\/\/www.kurhotel-alpina-bad-reichenhall.de\/en\/wp-json\/wp\/v2\/pages\/26\/revisions\/500"}],"wp:attachment":[{"href":"https:\/\/www.kurhotel-alpina-bad-reichenhall.de\/en\/wp-json\/wp\/v2\/media?parent=26"}],"curies":[{"name":"wp","href":"https:\/\/api.w.org\/{rel}","templated":true}]}}