{"id":295,"date":"2025-05-10T13:19:38","date_gmt":"2025-05-10T11:19:38","guid":{"rendered":"https:\/\/alpina.helits.de\/?page_id=295"},"modified":"2025-06-05T13:12:22","modified_gmt":"2025-06-05T11:12:22","slug":"anreise","status":"publish","type":"page","link":"https:\/\/www.kurhotel-alpina-bad-reichenhall.de\/en\/anreise\/","title":{"rendered":"Anreise"},"content":{"rendered":"<p>[et_pb_section fb_built=&#8220;1&#8243; fullwidth=&#8220;on&#8220; _builder_version=&#8220;4.27.4&#8243; _module_preset=&#8220;default&#8220; global_colors_info=&#8220;{}&#8220;][et_pb_fullwidth_slider _builder_version=&#8220;4.27.4&#8243; _module_preset=&#8220;default&#8220; height=&#8220;837px&#8220; global_colors_info=&#8220;{}&#8220;][et_pb_slide _builder_version=&#8220;4.27.4&#8243; _module_preset=&#8220;default&#8220; background_enable_color=&#8220;off&#8220; background_image=&#8220;https:\/\/alpina.helits.de\/wp-content\/uploads\/2025\/05\/kurhotel_alpina_home_02.jpg&#8220; background_enable_image=&#8220;on&#8220; global_colors_info=&#8220;{}&#8220; sticky_transition=&#8220;on&#8220;][\/et_pb_slide][et_pb_slide _builder_version=&#8220;4.27.4&#8243; _module_preset=&#8220;default&#8220; background_enable_color=&#8220;off&#8220; background_image=&#8220;https:\/\/alpina.helits.de\/wp-content\/uploads\/2025\/05\/kurhotel_home_new.jpg&#8220; background_enable_image=&#8220;on&#8220; global_colors_info=&#8220;{}&#8220; sticky_transition=&#8220;on&#8220;][\/et_pb_slide][et_pb_slide _builder_version=&#8220;4.27.4&#8243; _module_preset=&#8220;default&#8220; background_enable_color=&#8220;off&#8220; background_image=&#8220;https:\/\/alpina.helits.de\/wp-content\/uploads\/2025\/05\/csm_header_landhaus_friedrichshoehe_02_39fa46a9fb.jpg&#8220; background_enable_image=&#8220;on&#8220; global_colors_info=&#8220;{}&#8220; sticky_transition=&#8220;on&#8220;][\/et_pb_slide][\/et_pb_fullwidth_slider][\/et_pb_section][et_pb_section fb_built=&#8220;1&#8243; _builder_version=&#8220;4.27.4&#8243; _module_preset=&#8220;default&#8220; custom_padding=&#8220;35px||0px||false|false&#8220; global_colors_info=&#8220;{}&#8220;][et_pb_row _builder_version=&#8220;4.27.4&#8243; _module_preset=&#8220;default&#8220; global_colors_info=&#8220;{}&#8220;][et_pb_column type=&#8220;4_4&#8243; _builder_version=&#8220;4.27.4&#8243; _module_preset=&#8220;default&#8220; global_colors_info=&#8220;{}&#8220;][et_pb_text _builder_version=&#8220;4.27.4&#8243; _module_preset=&#8220;default&#8220; header_text_align=&#8220;center&#8220; header_2_font=&#8220;|300|||||||&#8220; header_2_text_align=&#8220;center&#8220; header_2_text_color=&#8220;#C1A56C&#8220; header_2_font_size=&#8220;28px&#8220; global_colors_info=&#8220;{}&#8220;]<\/p>\n<h2 class=\"theme_divider_title\">Anreise (15:00 Uhr bis 18:00 Uhr)<\/h2>\n<p>[\/et_pb_text][\/et_pb_column][\/et_pb_row][\/et_pb_section][et_pb_section fb_built=&#8220;1&#8243; admin_label=&#8220;Sektion&#8220; _builder_version=&#8220;4.27.4&#8243; _module_preset=&#8220;default&#8220; custom_padding=&#8220;0px||0px||true|false&#8220; global_colors_info=&#8220;{}&#8220;][et_pb_row _builder_version=&#8220;4.27.4&#8243; _module_preset=&#8220;default&#8220; height=&#8220;0px&#8220; custom_padding=&#8220;0px||0px||true|false&#8220; global_colors_info=&#8220;{}&#8220;][et_pb_column type=&#8220;4_4&#8243; _builder_version=&#8220;4.27.4&#8243; _module_preset=&#8220;default&#8220; global_colors_info=&#8220;{}&#8220;][et_pb_divider _builder_version=&#8220;4.27.4&#8243; _module_preset=&#8220;default&#8220; z_index=&#8220;-1&#8243; width=&#8220;50%&#8220; module_alignment=&#8220;center&#8220; global_colors_info=&#8220;{}&#8220;][\/et_pb_divider][et_pb_icon font_icon=&#8220;&#x42;||divi||400&#8243; icon_width=&#8220;28px&#8220; _builder_version=&#8220;4.27.4&#8243; _module_preset=&#8220;default&#8220; background_color=&#8220;#FFFFFF&#8220; positioning=&#8220;absolute&#8220; position_origin_a=&#8220;top_center&#8220; position_origin_f=&#8220;center_center&#8220; vertical_offset=&#8220;-10px&#8220; z_index=&#8220;1&#8243; custom_padding=&#8220;0px||0px||false|false&#8220; global_colors_info=&#8220;{}&#8220;][\/et_pb_icon][\/et_pb_column][\/et_pb_row][\/et_pb_section][et_pb_section fb_built=&#8220;1&#8243; _builder_version=&#8220;4.27.4&#8243; _module_preset=&#8220;default&#8220; custom_padding=&#8220;0px||35px||false|false&#8220; global_colors_info=&#8220;{}&#8220;][et_pb_row _builder_version=&#8220;4.27.4&#8243; _module_preset=&#8220;default&#8220; custom_margin=&#8220;||||false|false&#8220; custom_padding=&#8220;0px||0px||false|false&#8220; global_colors_info=&#8220;{}&#8220;][et_pb_column type=&#8220;4_4&#8243; _builder_version=&#8220;4.27.4&#8243; _module_preset=&#8220;default&#8220; global_colors_info=&#8220;{}&#8220;][et_pb_text _builder_version=&#8220;4.27.4&#8243; _module_preset=&#8220;default&#8220; header_text_align=&#8220;center&#8220; header_2_font=&#8220;|300|||||||&#8220; header_2_text_align=&#8220;center&#8220; header_2_text_color=&#8220;#C1A56C&#8220; header_2_font_size=&#8220;28px&#8220; header_3_text_align=&#8220;center&#8220; custom_margin=&#8220;-20px||||false|false&#8220; custom_padding=&#8220;||||false|false&#8220; global_colors_info=&#8220;{}&#8220;]<\/p>\n<h3 class=\"theme_divider_subtitle\">Hier sehen Sie unsere Anreisem\u00f6glichkeiten auf einen Blick.<\/h3>\n<p>[\/et_pb_text][\/et_pb_column][\/et_pb_row][\/et_pb_section][et_pb_section fb_built=&#8220;1&#8243; admin_label=&#8220;Sektion&#8220; _builder_version=&#8220;4.27.4&#8243; _module_preset=&#8220;default&#8220; custom_padding=&#8220;0px||0px||false|false&#8220; global_colors_info=&#8220;{}&#8220;][et_pb_row column_structure=&#8220;1_2,1_2&#8243; _builder_version=&#8220;4.27.4&#8243; _module_preset=&#8220;default&#8220; global_colors_info=&#8220;{}&#8220;][et_pb_column type=&#8220;1_2&#8243; _builder_version=&#8220;4.27.4&#8243; _module_preset=&#8220;default&#8220; global_colors_info=&#8220;{}&#8220;][et_pb_text _builder_version=&#8220;4.27.4&#8243; _module_preset=&#8220;default&#8220; text_text_color=&#8220;#777777&#8243; link_text_color=&#8220;#C1A56C&#8220; header_2_text_color=&#8220;#C1A56C&#8220; header_3_text_color=&#8220;#C1A56C&#8220; global_colors_info=&#8220;{}&#8220;]<\/p>\n<h3>Mit dem Auto:<\/h3>\n<p>\u00fcber die Autobahn A8 M\u00fcnchen-Salzburg, Ausfahrt Bad Reichenhall, Einfahrt Bad Reichenhall -Kurgebiet-, folgen Sie immer der <strong>Hotelroute \u201erot\u201c<\/strong> an deren Ende wir liegen.<\/p>\n<h3>Mit der Bahn:<\/h3>\n<p>zum Bahnhof (Hbf.) Bad Reichenhall. <a href=\"https:\/\/www.bahn.de\/\" title=\"Bahn.de\" target=\"_blank\" rel=\"noopener\">https:\/\/www.bahn.de\/<\/a><\/p>\n<h3>Mit dem Flugzeug:<\/h3>\n<p>zum nahegelegenen Flughafen Salzburg <a href=\"https:\/\/www.salzburg-airport.com\/\" title=\"Salzburg Airport\" target=\"_blank\" rel=\"noopener\">https:\/\/www.salzburg-airport.com\/<\/a><br \/>nur 13 km zum Kurhotel Alpina,<br \/>oder zum internationalen Flughafen M\u00fcnchen <a href=\"https:\/\/www.munich-airport.de\/\" title=\"Flughafen M\u00fcnchen\" target=\"_blank\" rel=\"noopener\">https:\/\/www.munich-airport.de\/ <\/a> 160 km.<\/p>\n<p>Reisen Sie mit der Bahn oder dem Flugzeug an und es ist Ihnen zu m\u00fchselig, schweres Gep\u00e4ck auf Ihre Reise zu nehmen?<\/p>\n<p>Etliche Dienstleister transportieren Ihre Gep\u00e4ckst\u00fccke von \u201eHaus zu Haus\u201c. Ein Beispiel w\u00e4re der <a href=\"https:\/\/www.bahn.de\/p\/view\/service\/gepaeck\/gepaeck.shtml\" title=\"Kurgep\u00e4ck Service Bahn\" target=\"_blank\" rel=\"noopener\">Kuriergep\u00e4ck-Service<\/a> der Deutschen Bahn oder direkt bei <a href=\"https:\/\/www.myhermes.de\/versenden\/gepaeckabholung\/\" title=\"Hermes\" target=\"_blank\" rel=\"noopener\">Hermes<\/a>.<\/p>\n<p>Alternativ\u00a0 bei <a href=\"https:\/\/www.schwerelosreisen.de\/\" title=\"Schwerelosreisen.de\" target=\"_blank\" rel=\"noopener\">www.schwerelosreisen.de<\/a>. die schneller transportieren.<br \/><a href=\"https:\/\/www.bahn.de\/\" title=\"Bahn.de\" target=\"_blank\" rel=\"noopener\">https:\/\/www.bahn.de\/<\/a><br \/><a href=\"https:\/\/www.salzburg-airport.com\/\" title=\"Salzburg Airport\" target=\"_blank\" rel=\"noopener\">https:\/\/www.salzburg-airport.com\/<\/a><br \/><a href=\"https:\/\/www.munich-airport.de\/\" title=\"M\u00fcnchen Airport\" target=\"_blank\" rel=\"noopener\">https:\/\/www.munich-airport.de\/<\/a><\/p>\n<p><a href=\"https:\/\/www.schwerelosreisen.de\/\" title=\"Schwerelosreisen\" target=\"_blank\" rel=\"noopener\">https:\/\/www.schwerelosreisen.de\/<\/a><br \/><a href=\"https:\/\/www.bahn.de\/p\/view\/service\/gepaeck\/gepaeck.shtml\" title=\"Gep\u00e4ckservice Bahn\" target=\"_blank\" rel=\"noopener\">https:\/\/www.bahn.de\/p\/view\/service\/gepaeck\/gepaeck.shtml<\/a><br \/><a href=\"https:\/\/www.myhermes.de\/versenden\/gepaeckabholung\/\" title=\"Hermes\" target=\"_blank\" rel=\"noopener\">https:\/\/www.myhermes.de\/versenden\/gepaeckabholung\/<\/a><\/p>\n<p>Alle Neuigkeiten zus casinos online legalem in Schweiz. Schweizer Spieler sind beeindruckt von den Standard-Bonusangeboten. Das neue Spiel Joker King findet Anklang in der Schweiz. Gleichzeitig haben Sie ein hervorragendes Portfolio an Boni und Spielen. Bonanza Game Casino Cashable Bonus ohne Einzahlung: FS.<\/p>\n<p>Tschau Warzone? Slotty Vegas. Spiele mit geringerer Volatilit\u00e4t zahlen eher kleinere Gewinne aus, diese daf\u00fcr aber h\u00e4ufiger. So gut wie jedes Online Casino \u00d6sterreich bietet einen Willkommensbonus f\u00fcr die erste Einzahlung an, wobei in einigen F\u00e4llen auch No Deposit Boni parat stehen. Wer kein Fan von Slot Spielen ist, muss sich in einem guten Onlinecasino trotzdem nicht langweilen. Progressive Jackpot Automaten. auf dem markt der <a href=\"https:\/\/neuecasinos-at.com\/\">online gl\u00fccksspiele tummeln sich zahllose online casino \u00f6sterreich<\/a> anbieter, sodass es eine herausforderung sein kann, sich f\u00fcr einen von ihnen zu entscheiden. Weitere k\u00f6nnten genannt werden.<\/p>\n<p>[\/et_pb_text][\/et_pb_column][et_pb_column type=&#8220;1_2&#8243; _builder_version=&#8220;4.27.4&#8243; _module_preset=&#8220;default&#8220; global_colors_info=&#8220;{}&#8220;][et_pb_image src=&#8220;https:\/\/alpina.helits.de\/wp-content\/uploads\/2025\/05\/Residenz-Anfahrt.jpg&#8220; title_text=&#8220;Residenz-Anfahrt&#8220; _builder_version=&#8220;4.27.4&#8243; _module_preset=&#8220;default&#8220; global_colors_info=&#8220;{}&#8220;][\/et_pb_image][\/et_pb_column][\/et_pb_row][\/et_pb_section]<\/p>","protected":false},"excerpt":{"rendered":"<p>Anreise (15:00 Uhr bis 18:00 Uhr)Hier sehen Sie unsere Anreisem\u00f6glichkeiten auf einen Blick.Mit dem Auto: \u00fcber die Autobahn A8 M\u00fcnchen-Salzburg, Ausfahrt Bad Reichenhall, Einfahrt Bad Reichenhall -Kurgebiet-, folgen Sie immer der Hotelroute \u201erot\u201c an deren Ende wir liegen. Mit der Bahn: zum Bahnhof (Hbf.) Bad Reichenhall. https:\/\/www.bahn.de\/ Mit dem Flugzeug: zum nahegelegenen Flughafen Salzburg https:\/\/www.salzburg-airport.com\/nur [&hellip;]<\/p>","protected":false},"author":1,"featured_media":0,"parent":0,"menu_order":0,"comment_status":"closed","ping_status":"closed","template":"","meta":{"_et_pb_use_builder":"on","_et_pb_old_content":"","_et_gb_content_width":"","footnotes":""},"class_list":["post-295","page","type-page","status-publish","hentry"],"_links":{"self":[{"href":"https:\/\/www.kurhotel-alpina-bad-reichenhall.de\/en\/wp-json\/wp\/v2\/pages\/295","targetHints":{"allow":["GET"]}}],"collection":[{"href":"https:\/\/www.kurhotel-alpina-bad-reichenhall.de\/en\/wp-json\/wp\/v2\/pages"}],"about":[{"href":"https:\/\/www.kurhotel-alpina-bad-reichenhall.de\/en\/wp-json\/wp\/v2\/types\/page"}],"author":[{"embeddable":true,"href":"https:\/\/www.kurhotel-alpina-bad-reichenhall.de\/en\/wp-json\/wp\/v2\/users\/1"}],"replies":[{"embeddable":true,"href":"https:\/\/www.kurhotel-alpina-bad-reichenhall.de\/en\/wp-json\/wp\/v2\/comments?post=295"}],"version-history":[{"count":5,"href":"https:\/\/www.kurhotel-alpina-bad-reichenhall.de\/en\/wp-json\/wp\/v2\/pages\/295\/revisions"}],"predecessor-version":[{"id":526,"href":"https:\/\/www.kurhotel-alpina-bad-reichenhall.de\/en\/wp-json\/wp\/v2\/pages\/295\/revisions\/526"}],"wp:attachment":[{"href":"https:\/\/www.kurhotel-alpina-bad-reichenhall.de\/en\/wp-json\/wp\/v2\/media?parent=295"}],"curies":[{"name":"wp","href":"https:\/\/api.w.org\/{rel}","templated":true}]}}